{"id":1334,"date":"2018-10-12T10:24:10","date_gmt":"2018-10-12T10:24:10","guid":{"rendered":"http:\/\/hotello-demo.loc\/esperanza\/?page_id=1334"},"modified":"2021-07-02T11:08:52","modified_gmt":"2021-07-02T16:08:52","slug":"servicios-2","status":"publish","type":"page","link":"https:\/\/www.hotellaangostura.com.pe\/hotel1\/servicios-2\/","title":{"rendered":"Servicios"},"content":{"rendered":"<div class=\"wpb-content-wrapper\"><p>[vc_section][vc_row][vc_column][stm_spacer height=\u00bb50&#8243; height_tablet=\u00bb50&#8243; height_mobile=\u00bb30&#8243;][vc_custom_heading text=\u00bbServicios para tu comodidad\u00bb font_container=\u00bbtag:h2|font_size:50px|text_align:center|line_height:60px\u00bb use_theme_fonts=\u00bbyes\u00bb heading_icon=\u00bbstmicon-haircut\u00bb][stm_spacer height=\u00bb50&#8243; height_tablet=\u00bb50&#8243; height_mobile=\u00bb30&#8243;][\/vc_column][\/vc_row][\/vc_section][vc_row full_width=\u00bbstretch_row_content_no_spaces\u00bb shadow_x_offset=\u00bb0&#8243; shadow_y_offset=\u00bb0&#8243; shadow_blur=\u00bb0&#8243; shadow_spread=\u00bb0&#8243; shadow_color=\u00bb\u00bb css=\u00bb.vc_custom_1539247964793{margin-right: 15px !important;margin-left: 12px !important;}\u00bb][vc_column width=\u00bb1\/2&#8243; shadow_x_offset=\u00bb0&#8243; shadow_y_offset=\u00bb0&#8243; shadow_blur=\u00bb0&#8243; shadow_spread=\u00bb0&#8243; shadow_color=\u00bb\u00bb offset=\u00bbvc_col-lg-3 vc_col-md-6 vc_col-xs-12&#8243;][stm_info_box icon=\u00bbstmicon-hotel-restaurant\u00bb icon_size=\u00bb79&#8243; title=\u00bbRestaurant\u00bb image=\u00bb1502&#8243;]Visita nuestro restaurante para saborear la aut\u00e9ntica Cocina Peruana destacada por sus variedades en platos criollos, postres, jugos y c\u00f3cteles que son orgullo de nuestro pa\u00eds.[\/stm_info_box][\/vc_column][vc_column width=\u00bb1\/2&#8243; shadow_x_offset=\u00bb0&#8243; shadow_y_offset=\u00bb0&#8243; shadow_blur=\u00bb0&#8243; shadow_spread=\u00bb0&#8243; shadow_color=\u00bb\u00bb offset=\u00bbvc_col-lg-3 vc_col-md-6 vc_col-xs-12&#8243;][stm_info_box icon=\u00bbstmicon-hotel-pool\u00bb icon_size=\u00bb79&#8243; title=\u00bbPiscina Temperada\u00bb image=\u00bb1506&#8243;]Contamos con amplia Piscina temperada con paneles solares.[\/stm_info_box][\/vc_column][vc_column width=\u00bb1\/2&#8243; shadow_x_offset=\u00bb0&#8243; shadow_y_offset=\u00bb0&#8243; shadow_blur=\u00bb0&#8243; shadow_spread=\u00bb0&#8243; shadow_color=\u00bb\u00bb offset=\u00bbvc_col-lg-3 vc_col-md-6 vc_col-xs-12&#8243;][stm_info_box icon=\u00bbstmicon-hotel-fitness\u00bb icon_size=\u00bb82&#8243; title=\u00bbGimnasio para adultos\u00bb image=\u00bb1509&#8243;]Contamos con un moderno centro Fitness, ideal para cualquier hu\u00e9sped que desee ejercitarse durante su estancia.[\/stm_info_box][\/vc_column][vc_column width=\u00bb1\/2&#8243; shadow_x_offset=\u00bb0&#8243; shadow_y_offset=\u00bb0&#8243; shadow_blur=\u00bb0&#8243; shadow_spread=\u00bb0&#8243; shadow_color=\u00bb\u00bb offset=\u00bbvc_col-lg-3 vc_col-md-6 vc_col-xs-12&#8243;][stm_info_box icon=\u00bbstmicon-hotel-spa\u00bb icon_size=\u00bb80&#8243; title=\u00bbSauna\u00bb image=\u00bb1513&#8243;]Disfruta y rel\u00e1jate en nuestra moderna c\u00e1mara seca, ayud\u00e1ndote en la eliminaci\u00f3n de toxinas, regeneraci\u00f3n celular y una sensaci\u00f3n de relajaci\u00f3n[\/stm_info_box][\/vc_column][\/vc_row][vc_row full_width=\u00bbstretch_row_content_no_spaces\u00bb shadow_x_offset=\u00bb0&#8243; shadow_y_offset=\u00bb0&#8243; shadow_blur=\u00bb0&#8243; shadow_spread=\u00bb0&#8243; shadow_color=\u00bb\u00bb css=\u00bb.vc_custom_1539247964793{margin-right: 15px !important;margin-left: 12px !important;}\u00bb][vc_column width=\u00bb1\/2&#8243; shadow_x_offset=\u00bb0&#8243; shadow_y_offset=\u00bb0&#8243; shadow_blur=\u00bb0&#8243; shadow_spread=\u00bb0&#8243; shadow_color=\u00bb\u00bb offset=\u00bbvc_col-lg-3 vc_col-md-6 vc_col-xs-12&#8243;][stm_info_box icon=\u00bbstmicon-hotel\u00bb icon_size=\u00bb80&#8243; title=\u00bbServicio a la Habitacion\u00bb image=\u00bb1560&#8243;]Todo lo que necesitas, p\u00eddelo desde la comodidad de tu habitaci\u00f3n, estamos para servirte.[\/stm_info_box][\/vc_column][vc_column width=\u00bb1\/2&#8243; shadow_x_offset=\u00bb0&#8243; shadow_y_offset=\u00bb0&#8243; shadow_blur=\u00bb0&#8243; shadow_spread=\u00bb0&#8243; shadow_color=\u00bb\u00bb offset=\u00bbvc_col-lg-3 vc_col-md-6 vc_col-xs-12&#8243;][stm_info_box icon=\u00bbstmicon-weekend\u00bb icon_size=\u00bb79&#8243; title=\u00bbSill\u00f3n Masajeador\u00bb image=\u00bb1554&#8243;]Contamos con Sill\u00f3n Masajeador, para un mejor confort, bienestar y relajaci\u00f3n.[\/stm_info_box][\/vc_column][vc_column width=\u00bb1\/2&#8243; shadow_x_offset=\u00bb0&#8243; shadow_y_offset=\u00bb0&#8243; shadow_blur=\u00bb0&#8243; shadow_spread=\u00bb0&#8243; shadow_color=\u00bb\u00bb offset=\u00bbvc_col-lg-3 vc_col-md-6 vc_col-xs-12&#8243;][stm_info_box icon=\u00bbstmicon-hotel-laundry\u00bb icon_size=\u00bb79&#8243; title=\u00bbLavander\u00eda\u00bb image=\u00bb1556&#8243;]Brindamos servicio de Lavander\u00eda, cuidando sus prendas con la limpieza y suavidad que usted necesita.[\/stm_info_box][\/vc_column][vc_column width=\u00bb1\/2&#8243; shadow_x_offset=\u00bb0&#8243; shadow_y_offset=\u00bb0&#8243; shadow_blur=\u00bb0&#8243; shadow_spread=\u00bb0&#8243; shadow_color=\u00bb\u00bb offset=\u00bbvc_col-lg-3 vc_col-md-6 vc_col-xs-12&#8243;][stm_info_box icon=\u00bbstmicon-hotel_coffee\u00bb icon_size=\u00bb82&#8243; title=\u00bbServicio de Cafeter\u00eda\u00bb image=\u00bb1558&#8243;]Disfruta de un buen caf\u00e9, siempre que lo necesites.[\/stm_info_box][\/vc_column][\/vc_row][vc_section][vc_row][vc_column][stm_spacer height=\u00bb119&#8243; height_tablet=\u00bb100&#8243; height_mobile=\u00bb80&#8243;][vc_custom_heading text=\u00bbTambi\u00e9n contamos con..\u00bb font_container=\u00bbtag:h2|font_size:50px|text_align:center|line_height:60px\u00bb use_theme_fonts=\u00bbyes\u00bb heading_icon=\u00bbstmicon-haircut\u00bb][stm_spacer height=\u00bb70&#8243; height_tablet=\u00bb50&#8243; height_mobile=\u00bb30&#8243;][\/vc_column][\/vc_row][vc_row][vc_column width=\u00bb1\/3&#8243;][stm_icon_box title_tag=\u00bbH3&#8243; icon=\u00bbstmicon-car\u00bb content_pos=\u00bbcenter\u00bb icon_pos=\u00bbcenter\u00bb icon_height=\u00bb110&#8243; icon_width=\u00bb170&#8243; title=\u00bbTraslados\u00bb]<span style=\"color: #3a3138; opacity: 0.5;\">Traslados a estaci\u00f3n de Bus y viceversa.<\/span>[\/stm_icon_box][stm_spacer height=\u00bb100&#8243; height_tablet=\u00bb70&#8243; height_mobile=\u00bb40&#8243;][stm_icon_box title_tag=\u00bbH3&#8243; icon=\u00bbstmicon-hotel_air-conditioner\u00bb content_pos=\u00bbcenter\u00bb icon_pos=\u00bbcenter\u00bb icon_height=\u00bb110&#8243; icon_width=\u00bb170&#8243; title=\u00bbAire Acondicionado\u00bb]Todos nuestros ambientes y habitaciones cuentan con Aire Acondicionado[\/stm_icon_box][\/vc_column][vc_column width=\u00bb1\/3&#8243;][stm_icon_box title_tag=\u00bbH3&#8243; icon=\u00bbstmicon-wifi-1&#8243; content_pos=\u00bbcenter\u00bb icon_pos=\u00bbcenter\u00bb icon_size=\u00bb85&#8243; icon_height=\u00bb110&#8243; icon_width=\u00bb170&#8243; title=\u00bbWIFI Alta Velocidad\u00bb]<span style=\"color: #3a3138; opacity: 0.5;\">Internet Wifi Gratis en alta Velocidad<br \/>\nreproduce videos sin pausas.<\/span>[\/stm_icon_box][stm_spacer height=\u00bb100&#8243; height_tablet=\u00bb70&#8243; height_mobile=\u00bb40&#8243;][stm_icon_box title_tag=\u00bbH3&#8243; icon=\u00bbstmicon-hotel-parking\u00bb content_pos=\u00bbcenter\u00bb icon_pos=\u00bbcenter\u00bb icon_size=\u00bb82&#8243; icon_height=\u00bb110&#8243; icon_width=\u00bb170&#8243; title=\u00bbEstacionamiento\u00bb]<span style=\"color: #3a3138; opacity: 0.5;\">Estacionamiento previa reserva.<\/span>[\/stm_icon_box][\/vc_column][vc_column width=\u00bb1\/3&#8243;][stm_icon_box title_tag=\u00bbH3&#8243; icon=\u00bbstmicon-television\u00bb content_pos=\u00bbcenter\u00bb icon_pos=\u00bbcenter\u00bb icon_size=\u00bb73&#8243; icon_height=\u00bb110&#8243; icon_width=\u00bb170&#8243; title=\u00bbCable TV\u00bb]<span style=\"color: #3a3138; opacity: 0.5;\">Contamos con dos compa\u00f1\u00edas de Cable,<br \/>\npara que no te pierdas de nada.<\/span>[\/stm_icon_box][stm_spacer height=\u00bb100&#8243; height_tablet=\u00bb70&#8243; height_mobile=\u00bb40&#8243;][stm_icon_box title_tag=\u00bbH3&#8243; icon=\u00bbstmicon-videocam\u00bb content_pos=\u00bbcenter\u00bb icon_pos=\u00bbcenter\u00bb icon_size=\u00bb80&#8243; icon_height=\u00bb110&#8243; icon_width=\u00bb170&#8243; title=\u00bbSeguridad\u00bb]<span style=\"color: #3a3138; opacity: 0.5;\">Seguridad y Vigilancia permanente<\/span>[\/stm_icon_box][\/vc_column][\/vc_row][vc_row][vc_column][stm_spacer height=\u00bb80&#8243; height_tablet=\u00bb60&#8243; height_mobile=\u00bb40&#8243;][\/vc_column][\/vc_row][\/vc_section]<\/p>\n<\/div>","protected":false},"excerpt":{"rendered":"<p>[vc_section][vc_row][vc_column][stm_spacer height=\u00bb50&#8243; height_tablet=\u00bb50&#8243; height_mobile=\u00bb30&#8243;][vc_custom_heading text=\u00bbServicios para tu comodidad\u00bb font_container=\u00bbtag:h2|font_size:50px|text_align:center|line_height:60px\u00bb use_theme_fonts=\u00bbyes\u00bb heading_icon=\u00bbstmicon-haircut\u00bb][stm_spacer height=\u00bb50&#8243; height_tablet=\u00bb50&#8243; height_mobile=\u00bb30&#8243;][\/vc_column][\/vc_row][\/vc_section][vc_row full_width=\u00bbstretch_row_content_no_spaces\u00bb shadow_x_offset=\u00bb0&#8243; shadow_y_offset=\u00bb0&#8243; shadow_blur=\u00bb0&#8243; shadow_spread=\u00bb0&#8243; shadow_color=\u00bb\u00bb css=\u00bb.vc_custom_1539247964793{margin-right: 15px !important;margin-left: 12px !important;}\u00bb][vc_column width=\u00bb1\/2&#8243; shadow_x_offset=\u00bb0&#8243; shadow_y_offset=\u00bb0&#8243; shadow_blur=\u00bb0&#8243; shadow_spread=\u00bb0&#8243; shadow_color=\u00bb\u00bb offset=\u00bbvc_col-lg-3 vc_col-md-6 vc_col-xs-12&#8243;][stm_info_box icon=\u00bbstmicon-hotel-restaurant\u00bb icon_size=\u00bb79&#8243; title=\u00bbRestaurant\u00bb image=\u00bb1502&#8243;]Visita nuestro restaurante para saborear la aut\u00e9ntica Cocina Peruana destacada por sus variedades en platos criollos, postres, jugos [&hellip;]<\/p>\n","protected":false},"author":1,"featured_media":0,"parent":0,"menu_order":0,"comment_status":"closed","ping_status":"closed","template":"","meta":{"_coblocks_attr":"","_coblocks_dimensions":"","_coblocks_responsive_height":"","_coblocks_accordion_ie_support":"","_joinchat":[],"footnotes":""},"class_list":["post-1334","page","type-page","status-publish","hentry"],"yoast_head":"<!-- This site is optimized with the Yoast SEO plugin v27.4 - https:\/\/yoast.com\/product\/yoast-seo-wordpress\/ -->\n<title>Servicios - Hotel Boutique La Angostura - Ica<\/title>\n<meta name=\"robots\" content=\"index, follow, max-snippet:-1, max-image-preview:large, max-video-preview:-1\" \/>\n<link rel=\"canonical\" href=\"https:\/\/www.hotellaangostura.com.pe\/hotel1\/servicios-2\/\" \/>\n<meta property=\"og:locale\" content=\"es_ES\" \/>\n<meta property=\"og:type\" content=\"article\" \/>\n<meta property=\"og:title\" content=\"Servicios - Hotel Boutique La Angostura - Ica\" \/>\n<meta property=\"og:description\" content=\"[vc_section][vc_row][vc_column][stm_spacer height=\u00bb50&#8243; height_tablet=\u00bb50&#8243; height_mobile=\u00bb30&#8243;][vc_custom_heading text=\u00bbServicios para tu comodidad\u00bb font_container=\u00bbtag:h2|font_size:50px|text_align:center|line_height:60px\u00bb use_theme_fonts=\u00bbyes\u00bb heading_icon=\u00bbstmicon-haircut\u00bb][stm_spacer height=\u00bb50&#8243; height_tablet=\u00bb50&#8243; height_mobile=\u00bb30&#8243;][\/vc_column][\/vc_row][\/vc_section][vc_row full_width=\u00bbstretch_row_content_no_spaces\u00bb shadow_x_offset=\u00bb0&#8243; shadow_y_offset=\u00bb0&#8243; shadow_blur=\u00bb0&#8243; shadow_spread=\u00bb0&#8243; shadow_color=\u00bb\u00bb css=\u00bb.vc_custom_1539247964793{margin-right: 15px !important;margin-left: 12px !important;}\u00bb][vc_column width=\u00bb1\/2&#8243; shadow_x_offset=\u00bb0&#8243; shadow_y_offset=\u00bb0&#8243; shadow_blur=\u00bb0&#8243; shadow_spread=\u00bb0&#8243; shadow_color=\u00bb\u00bb offset=\u00bbvc_col-lg-3 vc_col-md-6 vc_col-xs-12&#8243;][stm_info_box icon=\u00bbstmicon-hotel-restaurant\u00bb icon_size=\u00bb79&#8243; title=\u00bbRestaurant\u00bb image=\u00bb1502&#8243;]Visita nuestro restaurante para saborear la aut\u00e9ntica Cocina Peruana destacada por sus variedades en platos criollos, postres, jugos [&hellip;]\" \/>\n<meta property=\"og:url\" content=\"https:\/\/www.hotellaangostura.com.pe\/hotel1\/servicios-2\/\" \/>\n<meta property=\"og:site_name\" content=\"Hotel Boutique La Angostura - Ica\" \/>\n<meta property=\"article:modified_time\" content=\"2021-07-02T16:08:52+00:00\" \/>\n<meta name=\"twitter:card\" content=\"summary_large_image\" \/>\n<meta name=\"twitter:label1\" content=\"Tiempo de lectura\" \/>\n\t<meta name=\"twitter:data1\" content=\"4 minutos\" \/>\n<script type=\"application\/ld+json\" class=\"yoast-schema-graph\">{\"@context\":\"https:\\\/\\\/schema.org\",\"@graph\":[{\"@type\":\"WebPage\",\"@id\":\"https:\\\/\\\/www.hotellaangostura.com.pe\\\/hotel1\\\/servicios-2\\\/\",\"url\":\"https:\\\/\\\/www.hotellaangostura.com.pe\\\/hotel1\\\/servicios-2\\\/\",\"name\":\"Servicios - Hotel Boutique La Angostura - Ica\",\"isPartOf\":{\"@id\":\"https:\\\/\\\/www.hotellaangostura.com.pe\\\/hotel1\\\/#website\"},\"datePublished\":\"2018-10-12T10:24:10+00:00\",\"dateModified\":\"2021-07-02T16:08:52+00:00\",\"breadcrumb\":{\"@id\":\"https:\\\/\\\/www.hotellaangostura.com.pe\\\/hotel1\\\/servicios-2\\\/#breadcrumb\"},\"inLanguage\":\"es\",\"potentialAction\":[{\"@type\":\"ReadAction\",\"target\":[\"https:\\\/\\\/www.hotellaangostura.com.pe\\\/hotel1\\\/servicios-2\\\/\"]}]},{\"@type\":\"BreadcrumbList\",\"@id\":\"https:\\\/\\\/www.hotellaangostura.com.pe\\\/hotel1\\\/servicios-2\\\/#breadcrumb\",\"itemListElement\":[{\"@type\":\"ListItem\",\"position\":1,\"name\":\"Portada\",\"item\":\"https:\\\/\\\/www.hotellaangostura.com.pe\\\/hotel1\\\/\"},{\"@type\":\"ListItem\",\"position\":2,\"name\":\"Servicios\"}]},{\"@type\":\"WebSite\",\"@id\":\"https:\\\/\\\/www.hotellaangostura.com.pe\\\/hotel1\\\/#website\",\"url\":\"https:\\\/\\\/www.hotellaangostura.com.pe\\\/hotel1\\\/\",\"name\":\"Hotel Boutique La Angostura - Ica\",\"description\":\"El Hotel Boutique La Angostura se encuentra en Ica y ofrece una estancia confortable con excelente servicio, piscina temperada, Sauna, Gym, Restaurante y habitaciones Wifi, Tv Cable, jacuzzi y m&aacute;s\",\"publisher\":{\"@id\":\"https:\\\/\\\/www.hotellaangostura.com.pe\\\/hotel1\\\/#organization\"},\"potentialAction\":[{\"@type\":\"SearchAction\",\"target\":{\"@type\":\"EntryPoint\",\"urlTemplate\":\"https:\\\/\\\/www.hotellaangostura.com.pe\\\/hotel1\\\/?s={search_term_string}\"},\"query-input\":{\"@type\":\"PropertyValueSpecification\",\"valueRequired\":true,\"valueName\":\"search_term_string\"}}],\"inLanguage\":\"es\"},{\"@type\":\"Organization\",\"@id\":\"https:\\\/\\\/www.hotellaangostura.com.pe\\\/hotel1\\\/#organization\",\"name\":\"Hotel Boutique la Angostura\",\"url\":\"https:\\\/\\\/www.hotellaangostura.com.pe\\\/hotel1\\\/\",\"logo\":{\"@type\":\"ImageObject\",\"inLanguage\":\"es\",\"@id\":\"https:\\\/\\\/www.hotellaangostura.com.pe\\\/hotel1\\\/#\\\/schema\\\/logo\\\/image\\\/\",\"url\":\"https:\\\/\\\/www.hotellaangostura.com.pe\\\/hotel1\\\/wp-content\\\/uploads\\\/2020\\\/03\\\/Log-f.png\",\"contentUrl\":\"https:\\\/\\\/www.hotellaangostura.com.pe\\\/hotel1\\\/wp-content\\\/uploads\\\/2020\\\/03\\\/Log-f.png\",\"width\":150,\"height\":192,\"caption\":\"Hotel Boutique la Angostura\"},\"image\":{\"@id\":\"https:\\\/\\\/www.hotellaangostura.com.pe\\\/hotel1\\\/#\\\/schema\\\/logo\\\/image\\\/\"}}]}<\/script>\n<!-- \/ Yoast SEO plugin. -->","yoast_head_json":{"title":"Servicios - Hotel Boutique La Angostura - Ica","robots":{"index":"index","follow":"follow","max-snippet":"max-snippet:-1","max-image-preview":"max-image-preview:large","max-video-preview":"max-video-preview:-1"},"canonical":"https:\/\/www.hotellaangostura.com.pe\/hotel1\/servicios-2\/","og_locale":"es_ES","og_type":"article","og_title":"Servicios - Hotel Boutique La Angostura - Ica","og_description":"[vc_section][vc_row][vc_column][stm_spacer height=\u00bb50&#8243; height_tablet=\u00bb50&#8243; height_mobile=\u00bb30&#8243;][vc_custom_heading text=\u00bbServicios para tu comodidad\u00bb font_container=\u00bbtag:h2|font_size:50px|text_align:center|line_height:60px\u00bb use_theme_fonts=\u00bbyes\u00bb heading_icon=\u00bbstmicon-haircut\u00bb][stm_spacer height=\u00bb50&#8243; height_tablet=\u00bb50&#8243; height_mobile=\u00bb30&#8243;][\/vc_column][\/vc_row][\/vc_section][vc_row full_width=\u00bbstretch_row_content_no_spaces\u00bb shadow_x_offset=\u00bb0&#8243; shadow_y_offset=\u00bb0&#8243; shadow_blur=\u00bb0&#8243; shadow_spread=\u00bb0&#8243; shadow_color=\u00bb\u00bb css=\u00bb.vc_custom_1539247964793{margin-right: 15px !important;margin-left: 12px !important;}\u00bb][vc_column width=\u00bb1\/2&#8243; shadow_x_offset=\u00bb0&#8243; shadow_y_offset=\u00bb0&#8243; shadow_blur=\u00bb0&#8243; shadow_spread=\u00bb0&#8243; shadow_color=\u00bb\u00bb offset=\u00bbvc_col-lg-3 vc_col-md-6 vc_col-xs-12&#8243;][stm_info_box icon=\u00bbstmicon-hotel-restaurant\u00bb icon_size=\u00bb79&#8243; title=\u00bbRestaurant\u00bb image=\u00bb1502&#8243;]Visita nuestro restaurante para saborear la aut\u00e9ntica Cocina Peruana destacada por sus variedades en platos criollos, postres, jugos [&hellip;]","og_url":"https:\/\/www.hotellaangostura.com.pe\/hotel1\/servicios-2\/","og_site_name":"Hotel Boutique La Angostura - Ica","article_modified_time":"2021-07-02T16:08:52+00:00","twitter_card":"summary_large_image","twitter_misc":{"Tiempo de lectura":"4 minutos"},"schema":{"@context":"https:\/\/schema.org","@graph":[{"@type":"WebPage","@id":"https:\/\/www.hotellaangostura.com.pe\/hotel1\/servicios-2\/","url":"https:\/\/www.hotellaangostura.com.pe\/hotel1\/servicios-2\/","name":"Servicios - Hotel Boutique La Angostura - Ica","isPartOf":{"@id":"https:\/\/www.hotellaangostura.com.pe\/hotel1\/#website"},"datePublished":"2018-10-12T10:24:10+00:00","dateModified":"2021-07-02T16:08:52+00:00","breadcrumb":{"@id":"https:\/\/www.hotellaangostura.com.pe\/hotel1\/servicios-2\/#breadcrumb"},"inLanguage":"es","potentialAction":[{"@type":"ReadAction","target":["https:\/\/www.hotellaangostura.com.pe\/hotel1\/servicios-2\/"]}]},{"@type":"BreadcrumbList","@id":"https:\/\/www.hotellaangostura.com.pe\/hotel1\/servicios-2\/#breadcrumb","itemListElement":[{"@type":"ListItem","position":1,"name":"Portada","item":"https:\/\/www.hotellaangostura.com.pe\/hotel1\/"},{"@type":"ListItem","position":2,"name":"Servicios"}]},{"@type":"WebSite","@id":"https:\/\/www.hotellaangostura.com.pe\/hotel1\/#website","url":"https:\/\/www.hotellaangostura.com.pe\/hotel1\/","name":"Hotel Boutique La Angostura - Ica","description":"El Hotel Boutique La Angostura se encuentra en Ica y ofrece una estancia confortable con excelente servicio, piscina temperada, Sauna, Gym, Restaurante y habitaciones Wifi, Tv Cable, jacuzzi y m&aacute;s","publisher":{"@id":"https:\/\/www.hotellaangostura.com.pe\/hotel1\/#organization"},"potentialAction":[{"@type":"SearchAction","target":{"@type":"EntryPoint","urlTemplate":"https:\/\/www.hotellaangostura.com.pe\/hotel1\/?s={search_term_string}"},"query-input":{"@type":"PropertyValueSpecification","valueRequired":true,"valueName":"search_term_string"}}],"inLanguage":"es"},{"@type":"Organization","@id":"https:\/\/www.hotellaangostura.com.pe\/hotel1\/#organization","name":"Hotel Boutique la Angostura","url":"https:\/\/www.hotellaangostura.com.pe\/hotel1\/","logo":{"@type":"ImageObject","inLanguage":"es","@id":"https:\/\/www.hotellaangostura.com.pe\/hotel1\/#\/schema\/logo\/image\/","url":"https:\/\/www.hotellaangostura.com.pe\/hotel1\/wp-content\/uploads\/2020\/03\/Log-f.png","contentUrl":"https:\/\/www.hotellaangostura.com.pe\/hotel1\/wp-content\/uploads\/2020\/03\/Log-f.png","width":150,"height":192,"caption":"Hotel Boutique la Angostura"},"image":{"@id":"https:\/\/www.hotellaangostura.com.pe\/hotel1\/#\/schema\/logo\/image\/"}}]}},"_links":{"self":[{"href":"https:\/\/www.hotellaangostura.com.pe\/hotel1\/wp-json\/wp\/v2\/pages\/1334","targetHints":{"allow":["GET"]}}],"collection":[{"href":"https:\/\/www.hotellaangostura.com.pe\/hotel1\/wp-json\/wp\/v2\/pages"}],"about":[{"href":"https:\/\/www.hotellaangostura.com.pe\/hotel1\/wp-json\/wp\/v2\/types\/page"}],"author":[{"embeddable":true,"href":"https:\/\/www.hotellaangostura.com.pe\/hotel1\/wp-json\/wp\/v2\/users\/1"}],"replies":[{"embeddable":true,"href":"https:\/\/www.hotellaangostura.com.pe\/hotel1\/wp-json\/wp\/v2\/comments?post=1334"}],"version-history":[{"count":26,"href":"https:\/\/www.hotellaangostura.com.pe\/hotel1\/wp-json\/wp\/v2\/pages\/1334\/revisions"}],"predecessor-version":[{"id":1704,"href":"https:\/\/www.hotellaangostura.com.pe\/hotel1\/wp-json\/wp\/v2\/pages\/1334\/revisions\/1704"}],"wp:attachment":[{"href":"https:\/\/www.hotellaangostura.com.pe\/hotel1\/wp-json\/wp\/v2\/media?parent=1334"}],"curies":[{"name":"wp","href":"https:\/\/api.w.org\/{rel}","templated":true}]}}